{"id":7269,"date":"2024-08-10T12:13:29","date_gmt":"2024-08-10T10:13:29","guid":{"rendered":"https:\/\/happys.store\/?page_id=7269"},"modified":"2025-01-31T18:03:42","modified_gmt":"2025-01-31T17:03:42","slug":"wohltaetigkeit-spenden-tierhilfe","status":"publish","type":"page","link":"https:\/\/happys.store\/de\/wohltaetigkeit-spenden-tierhilfe\/","title":{"rendered":"Wohlt\u00e4tigkeit"},"content":{"rendered":"<style>.elementor-7269 .elementor-element.elementor-element-04cb6dd{--display:flex;--flex-direction:column;--container-widget-width:100%;--container-widget-height:initial;--container-widget-flex-grow:0;--container-widget-align-self:initial;--flex-wrap-mobile:wrap;--margin-top:0px;--margin-bottom:0px;--margin-left:0px;--margin-right:0px;}.elementor-widget-divider{--divider-color:var( --e-global-color-secondary );}.elementor-widget-divider .elementor-divider__text{color:var( --e-global-color-secondary );font-family:var( --e-global-typography-secondary-font-family );font-weight:var( --e-global-typography-secondary-font-weight );}.elementor-widget-divider.elementor-view-stacked .elementor-icon{background-color:var( --e-global-color-secondary );}.elementor-widget-divider.elementor-view-framed .elementor-icon, .elementor-widget-divider.elementor-view-default .elementor-icon{color:var( --e-global-color-secondary );border-color:var( --e-global-color-secondary );}.elementor-widget-divider.elementor-view-framed .elementor-icon, .elementor-widget-divider.elementor-view-default .elementor-icon svg{fill:var( --e-global-color-secondary );}.elementor-7269 .elementor-element.elementor-element-e97f33b{--divider-border-style:dotted;--divider-color:var( --e-global-color-f28fc01 );--divider-border-width:10px;--divider-element-spacing:24px;}.elementor-7269 .elementor-element.elementor-element-e97f33b .elementor-divider-separator{width:100%;}.elementor-7269 .elementor-element.elementor-element-e97f33b .elementor-divider{padding-block-start:23px;padding-block-end:23px;}.elementor-7269 .elementor-element.elementor-element-e97f33b .elementor-divider__text{color:var( --e-global-color-8f2d93f );font-family:\"Roboto\";font-size:37px;font-weight:400;}.elementor-7269 .elementor-element.elementor-element-8cdf4ef{--display:flex;--flex-direction:row;--container-widget-width:initial;--container-widget-height:100%;--container-widget-flex-grow:1;--container-widget-align-self:stretch;--flex-wrap-mobile:wrap;--gap:0px 0px;--row-gap:0px;--column-gap:0px;}.elementor-7269 .elementor-element.elementor-element-8cdf4ef:not(.elementor-motion-effects-element-type-background), .elementor-7269 .elementor-element.elementor-element-8cdf4ef > .elementor-motion-effects-container > .elementor-motion-effects-layer{background-color:var( --e-global-color-961a2c3 );}.elementor-7269 .elementor-element.elementor-element-7024224{--display:flex;--flex-direction:column;--container-widget-width:100%;--container-widget-height:initial;--container-widget-flex-grow:0;--container-widget-align-self:initial;--flex-wrap-mobile:wrap;}.elementor-7269 .elementor-element.elementor-element-cb2abe7{--display:flex;--flex-direction:column;--container-widget-width:100%;--container-widget-height:initial;--container-widget-flex-grow:0;--container-widget-align-self:initial;--flex-wrap-mobile:wrap;}.elementor-widget-text-editor{font-family:var( --e-global-typography-text-font-family );font-weight:var( --e-global-typography-text-font-weight );color:var( --e-global-color-text );}.elementor-widget-text-editor.elementor-drop-cap-view-stacked .elementor-drop-cap{background-color:var( --e-global-color-primary );}.elementor-widget-text-editor.elementor-drop-cap-view-framed .elementor-drop-cap, .elementor-widget-text-editor.elementor-drop-cap-view-default .elementor-drop-cap{color:var( --e-global-color-primary );border-color:var( --e-global-color-primary );}.elementor-7269 .elementor-element.elementor-element-9c41bff{text-align:justify;color:var( --e-global-color-8f2d93f );}.elementor-7269 .elementor-element.elementor-element-24f77a1{--display:flex;--flex-direction:column;--container-widget-width:100%;--container-widget-height:initial;--container-widget-flex-grow:0;--container-widget-align-self:initial;--flex-wrap-mobile:wrap;}.elementor-7269 .elementor-element.elementor-element-7bf8fab{--display:flex;--flex-direction:row;--container-widget-width:initial;--container-widget-height:100%;--container-widget-flex-grow:1;--container-widget-align-self:stretch;--flex-wrap-mobile:wrap;--gap:0px 0px;--row-gap:0px;--column-gap:0px;--margin-top:50px;--margin-bottom:50px;--margin-left:0px;--margin-right:0px;}.elementor-7269 .elementor-element.elementor-element-8a84779{--display:flex;--flex-direction:column;--container-widget-width:100%;--container-widget-height:initial;--container-widget-flex-grow:0;--container-widget-align-self:initial;--flex-wrap-mobile:wrap;}.elementor-7269 .elementor-element.elementor-element-8a84779.e-con{--flex-grow:0;--flex-shrink:0;}.elementor-widget-image .widget-image-caption{color:var( --e-global-color-text );font-family:var( --e-global-typography-text-font-family );font-weight:var( --e-global-typography-text-font-weight );}.elementor-7269 .elementor-element.elementor-element-fcfef94{font-family:\"Roboto\";font-size:26px;font-weight:500;color:var( --e-global-color-8f2d93f );}.elementor-7269 .elementor-element.elementor-element-fd4cf72{color:var( --e-global-color-8f2d93f );}.elementor-7269 .elementor-element.elementor-element-738f7c1{--display:flex;--flex-direction:column;--container-widget-width:100%;--container-widget-height:initial;--container-widget-flex-grow:0;--container-widget-align-self:initial;--flex-wrap-mobile:wrap;}.elementor-7269 .elementor-element.elementor-element-9f935dd{--display:flex;--flex-direction:row;--container-widget-width:initial;--container-widget-height:100%;--container-widget-flex-grow:1;--container-widget-align-self:stretch;--flex-wrap-mobile:wrap;--gap:0px 0px;--row-gap:0px;--column-gap:0px;--margin-top:50px;--margin-bottom:50px;--margin-left:0px;--margin-right:0px;}.elementor-7269 .elementor-element.elementor-element-a025609{--display:flex;--flex-direction:column;--container-widget-width:100%;--container-widget-height:initial;--container-widget-flex-grow:0;--container-widget-align-self:initial;--flex-wrap-mobile:wrap;}.elementor-7269 .elementor-element.elementor-element-2032d83{font-family:\"Roboto\";font-size:26px;font-weight:500;color:var( --e-global-color-8f2d93f );}.elementor-7269 .elementor-element.elementor-element-8a62343{color:var( --e-global-color-8f2d93f );}.elementor-7269 .elementor-element.elementor-element-90234e5{--display:flex;--flex-direction:column;--container-widget-width:100%;--container-widget-height:initial;--container-widget-flex-grow:0;--container-widget-align-self:initial;--flex-wrap-mobile:wrap;}@media(max-width:767px){.elementor-7269 .elementor-element.elementor-element-fcfef94{font-size:24px;}.elementor-7269 .elementor-element.elementor-element-2032d83{font-size:24px;}}@media(min-width:768px){.elementor-7269 .elementor-element.elementor-element-7024224{--width:15%;}.elementor-7269 .elementor-element.elementor-element-cb2abe7{--width:70%;}.elementor-7269 .elementor-element.elementor-element-24f77a1{--width:15%;}.elementor-7269 .elementor-element.elementor-element-8a84779{--width:44.258%;}.elementor-7269 .elementor-element.elementor-element-738f7c1{--width:50%;}.elementor-7269 .elementor-element.elementor-element-a025609{--width:50%;}.elementor-7269 .elementor-element.elementor-element-90234e5{--width:50%;}}<\/style>\t\t<div data-elementor-type=\"wp-page\" data-elementor-id=\"7269\" class=\"elementor elementor-7269\">\n\t\t\t\t<div class=\"elementor-element elementor-element-04cb6dd e-con-full e-flex wpr-particle-no wpr-jarallax-no wpr-parallax-no wpr-sticky-section-no e-con e-parent\" data-id=\"04cb6dd\" data-element_type=\"container\">\n\t\t\t\t<div class=\"elementor-element elementor-element-e97f33b elementor-widget-divider--view-line_text elementor-widget-divider--element-align-center elementor-widget elementor-widget-divider\" data-id=\"e97f33b\" data-element_type=\"widget\" data-widget_type=\"divider.default\">\n\t\t\t\t<div class=\"elementor-widget-container\">\n\t\t\t\t\t\t\t<div class=\"elementor-divider\">\n\t\t\t<span class=\"elementor-divider-separator\">\n\t\t\t\t\t\t\t<span class=\"elementor-divider__text elementor-divider__element\">\n\t\t\t\tWohlt\u00e4tigkeit\t\t\t\t<\/span>\n\t\t\t\t\t\t<\/span>\n\t\t<\/div>\n\t\t\t\t\t\t<\/div>\n\t\t\t\t<\/div>\n\t\t\t\t<\/div>\n\t\t<div class=\"elementor-element elementor-element-8cdf4ef e-flex e-con-boxed wpr-particle-no wpr-jarallax-no wpr-parallax-no wpr-sticky-section-no e-con e-parent\" data-id=\"8cdf4ef\" data-element_type=\"container\" data-settings=\"{&quot;background_background&quot;:&quot;classic&quot;}\">\n\t\t\t\t\t<div class=\"e-con-inner\">\n\t\t<div class=\"elementor-element elementor-element-7024224 e-con-full e-flex wpr-particle-no wpr-jarallax-no wpr-parallax-no wpr-sticky-section-no e-con e-child\" data-id=\"7024224\" data-element_type=\"container\">\n\t\t\t\t<\/div>\n\t\t<div class=\"elementor-element elementor-element-cb2abe7 e-con-full e-flex wpr-particle-no wpr-jarallax-no wpr-parallax-no wpr-sticky-section-no e-con e-child\" data-id=\"cb2abe7\" data-element_type=\"container\">\n\t\t\t\t<div class=\"elementor-element elementor-element-9c41bff elementor-widget elementor-widget-text-editor\" data-id=\"9c41bff\" data-element_type=\"widget\" data-widget_type=\"text-editor.default\">\n\t\t\t\t<div class=\"elementor-widget-container\">\n\t\t\t\t\t\t\t\t\t<p><strong>Happys<\/strong> unterst\u00fctzt gemeinn\u00fctzige Tierhilfsorganisationen. Uns liegt das Wohl von Tieren am Herzen und wir m\u00f6chten einen kleinen Beitrag dazu leisten die Organisationen zu unterst\u00fctzen, die Tag t\u00e4glich f\u00fcr die Tiere sorgen, ob in den Tierheimen, Auffangstationen, Tierrettungen, Vermittlungen und Tiererhaltungsprogrammen und weitere. Wir danken unseren Kunden, denn durch die Einnahmen der Verk\u00e4ufe k\u00f6nnen wir gemeinn\u00fctzige Organisationen unterst\u00fctzen.<\/p>\t\t\t\t\t\t\t\t<\/div>\n\t\t\t\t<\/div>\n\t\t\t\t<\/div>\n\t\t<div class=\"elementor-element elementor-element-24f77a1 e-con-full e-flex wpr-particle-no wpr-jarallax-no wpr-parallax-no wpr-sticky-section-no e-con e-child\" data-id=\"24f77a1\" data-element_type=\"container\">\n\t\t\t\t<\/div>\n\t\t\t\t\t<\/div>\n\t\t\t\t<\/div>\n\t\t<div class=\"elementor-element elementor-element-7bf8fab e-flex e-con-boxed wpr-particle-no wpr-jarallax-no wpr-parallax-no wpr-sticky-section-no e-con e-parent\" data-id=\"7bf8fab\" data-element_type=\"container\">\n\t\t\t\t\t<div class=\"e-con-inner\">\n\t\t<div class=\"elementor-element elementor-element-8a84779 e-con-full e-flex wpr-particle-no wpr-jarallax-no wpr-parallax-no wpr-sticky-section-no e-con e-child\" data-id=\"8a84779\" data-element_type=\"container\">\n\t\t\t\t<div class=\"elementor-element elementor-element-4fe1b16 elementor-widget elementor-widget-image\" data-id=\"4fe1b16\" data-element_type=\"widget\" data-widget_type=\"image.default\">\n\t\t\t\t<div class=\"elementor-widget-container\">\n\t\t\t\t\t\t\t\t\t\t\t\t\t\t\t<img decoding=\"async\" src=\"https:\/\/happys.store\/wp-content\/uploads\/elementor\/thumbs\/Animal_Friend_Header-Happys.Store_-scaled-qtm8joq4kw8426jy2uv9ldjnqdf168lmtk6tfao0a4.jpg\" title=\"Animal_Friend_Header-Happys.Store\" alt=\"Animal_Friend_Header-Happys.Store\" loading=\"lazy\" \/>\t\t\t\t\t\t\t\t\t\t\t\t\t\t\t<\/div>\n\t\t\t\t<\/div>\n\t\t\t\t<div class=\"elementor-element elementor-element-fcfef94 elementor-widget elementor-widget-text-editor\" data-id=\"fcfef94\" data-element_type=\"widget\" data-widget_type=\"text-editor.default\">\n\t\t\t\t<div class=\"elementor-widget-container\">\n\t\t\t\t\t\t\t\t\t<p>Animal Friend &#8211; Spendenprojekt<\/p>\t\t\t\t\t\t\t\t<\/div>\n\t\t\t\t<\/div>\n\t\t\t\t<div class=\"elementor-element elementor-element-fd4cf72 elementor-widget elementor-widget-text-editor\" data-id=\"fd4cf72\" data-element_type=\"widget\" data-widget_type=\"text-editor.default\">\n\t\t\t\t<div class=\"elementor-widget-container\">\n\t\t\t\t\t\t\t\t\t<p>Mit unserem Projekt <strong>Animal Friend<\/strong> unterst\u00fctzen wir Katzen, Hunde und weitere Tiere. Wir spenden einen Beitrag an gemeinn\u00fctzige Tierhilfsorganisationen wie Tierheime, Tierrettungen, Auffangstationen und weitere Einrichtungen.<\/p><p>Zum Jahresende 2023 haben wir noch unter unseren alten Namen (Sissi and Friends) an ein Tierheim gespendet:<\/p><p>\u2022 Tierheim in Ungarn: <a href=\"https:\/\/www.menhely-tapolca.hu\/de\/\" target=\"_blank\" rel=\"noopener\"><strong>Assisi Szent Ferenc \u00c1llatmenhely Alap\u00edtv\u00e1ny<\/strong><\/a><\/p>\t\t\t\t\t\t\t\t<\/div>\n\t\t\t\t<\/div>\n\t\t\t\t<\/div>\n\t\t<div class=\"elementor-element elementor-element-738f7c1 e-con-full e-flex wpr-particle-no wpr-jarallax-no wpr-parallax-no wpr-sticky-section-no e-con e-child\" data-id=\"738f7c1\" data-element_type=\"container\">\n\t\t\t\t<div class=\"elementor-element elementor-element-573c5cf elementor-widget elementor-widget-image\" data-id=\"573c5cf\" data-element_type=\"widget\" data-widget_type=\"image.default\">\n\t\t\t\t<div class=\"elementor-widget-container\">\n\t\t\t\t\t\t\t\t\t\t\t\t\t\t\t<img decoding=\"async\" src=\"https:\/\/happys.store\/wp-content\/uploads\/elementor\/thumbs\/charity_animal_friends_2023_sissi_and_friends-happys-store-qtm8jrjlbm7ni1atrxdh3vhjjacx1u73njsmy5ldsk.png\" title=\"charity_animal_friends_2023_sissi_and_friends-happys-store\" alt=\"charity_animal_friends_2023_sissi_and_friends-happys-store\" loading=\"lazy\" \/>\t\t\t\t\t\t\t\t\t\t\t\t\t\t\t<\/div>\n\t\t\t\t<\/div>\n\t\t\t\t<\/div>\n\t\t\t\t\t<\/div>\n\t\t\t\t<\/div>\n\t\t<div class=\"elementor-element elementor-element-9f935dd e-flex e-con-boxed wpr-particle-no wpr-jarallax-no wpr-parallax-no wpr-sticky-section-no e-con e-parent\" data-id=\"9f935dd\" data-element_type=\"container\">\n\t\t\t\t\t<div class=\"e-con-inner\">\n\t\t<div class=\"elementor-element elementor-element-a025609 e-con-full e-flex wpr-particle-no wpr-jarallax-no wpr-parallax-no wpr-sticky-section-no e-con e-child\" data-id=\"a025609\" data-element_type=\"container\">\n\t\t\t\t<div class=\"elementor-element elementor-element-98bcdb4 elementor-widget elementor-widget-image\" data-id=\"98bcdb4\" data-element_type=\"widget\" data-widget_type=\"image.default\">\n\t\t\t\t<div class=\"elementor-widget-container\">\n\t\t\t\t\t\t\t\t\t\t\t\t\t\t\t<img decoding=\"async\" src=\"https:\/\/happys.store\/wp-content\/uploads\/elementor\/thumbs\/Penguin_Happys.store_-scaled-qtm8jy4ih8kzaa6ajyxjab69o84pb7my6upo82a2jw.jpg\" title=\"Penguin_Happys.store\" alt=\"Penguin_Happys.store\" loading=\"lazy\" \/>\t\t\t\t\t\t\t\t\t\t\t\t\t\t\t<\/div>\n\t\t\t\t<\/div>\n\t\t\t\t<div class=\"elementor-element elementor-element-2032d83 elementor-widget elementor-widget-text-editor\" data-id=\"2032d83\" data-element_type=\"widget\" data-widget_type=\"text-editor.default\">\n\t\t\t\t<div class=\"elementor-widget-container\">\n\t\t\t\t\t\t\t\t\t<p>Penguin Friend &#8211; Spendenprojekt<\/p>\t\t\t\t\t\t\t\t<\/div>\n\t\t\t\t<\/div>\n\t\t\t\t<div class=\"elementor-element elementor-element-8a62343 elementor-widget elementor-widget-text-editor\" data-id=\"8a62343\" data-element_type=\"widget\" data-widget_type=\"text-editor.default\">\n\t\t\t\t<div class=\"elementor-widget-container\">\n\t\t\t\t\t\t\t\t\t<p>Wir bei <strong>Happys<\/strong> unterst\u00fctzen mit unserem Projekt <strong>Penguin Friend<\/strong> eine gemeinn\u00fctzige Organisation zum Schutz und dem Erhalt von Pinguinen und ihren Lebensr\u00e4umen. Weltweit gibt es 18 verschiedene Pinguinarten. Darunt sind auch gef\u00e4hrte Arten, die Schutz ben\u00f6tigen.<\/p><p>Zum Jahresende 2023 haben wir noch unter unseren alten Namen (Sissi and Friends) an <strong>Global Penguin Society (GPS)<\/strong> gespendet:<\/p><p>\u2022 WCN mit <a href=\"https:\/\/www.globalpenguinsociety.org\/\" target=\"_blank\" rel=\"noopener\"><strong>Global Penguin Society (GPS)<\/strong><\/a><\/p>\t\t\t\t\t\t\t\t<\/div>\n\t\t\t\t<\/div>\n\t\t\t\t<\/div>\n\t\t<div class=\"elementor-element elementor-element-90234e5 e-con-full e-flex wpr-particle-no wpr-jarallax-no wpr-parallax-no wpr-sticky-section-no e-con e-child\" data-id=\"90234e5\" data-element_type=\"container\">\n\t\t\t\t<div class=\"elementor-element elementor-element-995eda5 elementor-widget elementor-widget-image\" data-id=\"995eda5\" data-element_type=\"widget\" data-widget_type=\"image.default\">\n\t\t\t\t<div class=\"elementor-widget-container\">\n\t\t\t\t\t\t\t\t\t\t\t\t\t\t\t<img decoding=\"async\" src=\"https:\/\/happys.store\/wp-content\/uploads\/elementor\/thumbs\/Charity_penguin_2023_sissi_and_friends-happys-store-qtm8jtf9paa85983gy6q8v0gq23nh8ekbt3lwpilg4.jpg\" title=\"Charity_penguin_2023_sissi_and_friends-happys-store\" alt=\"Charity_penguin_2023_sissi_and_friends-happys-store\" loading=\"lazy\" \/>\t\t\t\t\t\t\t\t\t\t\t\t\t\t\t<\/div>\n\t\t\t\t<\/div>\n\t\t\t\t<\/div>\n\t\t\t\t\t<\/div>\n\t\t\t\t<\/div>\n\t\t\t\t<\/div>\n\t\t","protected":false},"excerpt":{"rendered":"<p>Wohlt\u00e4tigkeit Happys unterst\u00fctzt gemeinn\u00fctzige Tierhilfsorganisationen. Uns liegt das Wohl von Tieren am Herzen und wir m\u00f6chten einen kleinen Beitrag dazu leisten die Organisationen zu unterst\u00fctzen, die Tag t\u00e4glich f\u00fcr die Tiere sorgen, ob in den Tierheimen, Auffangstationen, Tierrettungen, Vermittlungen und Tiererhaltungsprogrammen und weitere. Wir danken unseren Kunden, denn durch die Einnahmen der Verk\u00e4ufe k\u00f6nnen wir gemeinn\u00fctzige Organisationen unterst\u00fctzen. Animal Friend &#8211; Spendenprojekt Mit unserem Projekt Animal Friend unterst\u00fctzen wir Katzen, Hunde und weitere Tiere. Wir spenden einen Beitrag an gemeinn\u00fctzige Tierhilfsorganisationen wie Tierheime, Tierrettungen, Auffangstationen und weitere Einrichtungen. Zum Jahresende 2023 haben wir noch unter unseren alten Namen (Sissi and Friends) an ein Tierheim gespendet: \u2022 Tierheim in Ungarn: Assisi Szent Ferenc \u00c1llatmenhely Alap\u00edtv\u00e1ny Penguin Friend &#8211; Spendenprojekt Wir bei Happys unterst\u00fctzen mit unserem Projekt Penguin Friend eine gemeinn\u00fctzige Organisation zum Schutz und dem Erhalt von Pinguinen und ihren Lebensr\u00e4umen. Weltweit gibt es 18 verschiedene Pinguinarten. Darunt sind auch gef\u00e4hrte Arten, die Schutz ben\u00f6tigen. Zum Jahresende 2023 haben wir noch unter unseren alten Namen (Sissi and Friends) an Global Penguin Society (GPS) gespendet: \u2022 WCN mit Global Penguin Society (GPS)<\/p>\n","protected":false},"author":1,"featured_media":0,"parent":0,"menu_order":0,"comment_status":"closed","ping_status":"closed","template":"elementor_header_footer","meta":{"footnotes":""},"class_list":["post-7269","page","type-page","status-publish","hentry","entry"],"_links":{"self":[{"href":"https:\/\/happys.store\/de\/wp-json\/wp\/v2\/pages\/7269"}],"collection":[{"href":"https:\/\/happys.store\/de\/wp-json\/wp\/v2\/pages"}],"about":[{"href":"https:\/\/happys.store\/de\/wp-json\/wp\/v2\/types\/page"}],"author":[{"embeddable":true,"href":"https:\/\/happys.store\/de\/wp-json\/wp\/v2\/users\/1"}],"replies":[{"embeddable":true,"href":"https:\/\/happys.store\/de\/wp-json\/wp\/v2\/comments?post=7269"}],"version-history":[{"count":58,"href":"https:\/\/happys.store\/de\/wp-json\/wp\/v2\/pages\/7269\/revisions"}],"predecessor-version":[{"id":9918,"href":"https:\/\/happys.store\/de\/wp-json\/wp\/v2\/pages\/7269\/revisions\/9918"}],"wp:attachment":[{"href":"https:\/\/happys.store\/de\/wp-json\/wp\/v2\/media?parent=7269"}],"curies":[{"name":"wp","href":"https:\/\/api.w.org\/{rel}","templated":true}]}}