{"id":2253,"date":"2024-04-20T10:02:59","date_gmt":"2024-04-20T10:02:59","guid":{"rendered":"https:\/\/atelier-flora.com\/?page_id=2253"},"modified":"2024-11-05T12:08:55","modified_gmt":"2024-11-05T11:08:55","slug":"haftungsausschluss","status":"publish","type":"page","link":"https:\/\/happys.store\/de\/haftungsausschluss\/","title":{"rendered":"Haftungsausschluss"},"content":{"rendered":"<style>.elementor-2253 .elementor-element.elementor-element-04cb6dd{--display:flex;--flex-direction:column;--container-widget-width:100%;--container-widget-height:initial;--container-widget-flex-grow:0;--container-widget-align-self:initial;--flex-wrap-mobile:wrap;--margin-top:10px;--margin-bottom:0px;--margin-left:0px;--margin-right:0px;}.elementor-widget-divider{--divider-color:var( --e-global-color-secondary );}.elementor-widget-divider .elementor-divider__text{color:var( --e-global-color-secondary );font-family:var( --e-global-typography-secondary-font-family );font-weight:var( --e-global-typography-secondary-font-weight );}.elementor-widget-divider.elementor-view-stacked .elementor-icon{background-color:var( --e-global-color-secondary );}.elementor-widget-divider.elementor-view-framed .elementor-icon, .elementor-widget-divider.elementor-view-default .elementor-icon{color:var( --e-global-color-secondary );border-color:var( --e-global-color-secondary );}.elementor-widget-divider.elementor-view-framed .elementor-icon, .elementor-widget-divider.elementor-view-default .elementor-icon svg{fill:var( --e-global-color-secondary );}.elementor-2253 .elementor-element.elementor-element-e97f33b{--divider-border-style:dotted;--divider-color:var( --e-global-color-f28fc01 );--divider-border-width:10px;--divider-element-spacing:24px;}.elementor-2253 .elementor-element.elementor-element-e97f33b .elementor-divider-separator{width:100%;}.elementor-2253 .elementor-element.elementor-element-e97f33b .elementor-divider{padding-block-start:23px;padding-block-end:23px;}.elementor-2253 .elementor-element.elementor-element-e97f33b .elementor-divider__text{color:#565656;font-family:\"Roboto\";font-size:30px;font-weight:400;-webkit-text-stroke-width:0px;stroke-width:0px;-webkit-text-stroke-color:#000;stroke:#000;}.elementor-2253 .elementor-element.elementor-element-d4f2623{--display:flex;--flex-direction:column;--container-widget-width:100%;--container-widget-height:initial;--container-widget-flex-grow:0;--container-widget-align-self:initial;--flex-wrap-mobile:wrap;--padding-top:0px;--padding-bottom:0px;--padding-left:20px;--padding-right:20px;}.elementor-widget-text-editor{font-family:var( --e-global-typography-text-font-family );font-weight:var( --e-global-typography-text-font-weight );color:var( --e-global-color-text );}.elementor-widget-text-editor.elementor-drop-cap-view-stacked .elementor-drop-cap{background-color:var( --e-global-color-primary );}.elementor-widget-text-editor.elementor-drop-cap-view-framed .elementor-drop-cap, .elementor-widget-text-editor.elementor-drop-cap-view-default .elementor-drop-cap{color:var( --e-global-color-primary );border-color:var( --e-global-color-primary );}.elementor-2253 .elementor-element.elementor-element-6888619 > .elementor-widget-container{margin:0px 0px 0px 0px;}@media(max-width:767px){.elementor-2253 .elementor-element.elementor-element-e97f33b .elementor-divider__text{font-size:22px;}}<\/style>\t\t<div data-elementor-type=\"wp-page\" data-elementor-id=\"2253\" class=\"elementor elementor-2253\">\n\t\t\t\t<div class=\"elementor-element elementor-element-04cb6dd e-con-full e-flex wpr-particle-no wpr-jarallax-no wpr-parallax-no wpr-sticky-section-no e-con e-parent\" data-id=\"04cb6dd\" data-element_type=\"container\">\n\t\t\t\t<div class=\"elementor-element elementor-element-e97f33b elementor-widget-divider--view-line_text elementor-widget-divider--element-align-center elementor-widget elementor-widget-divider\" data-id=\"e97f33b\" data-element_type=\"widget\" data-widget_type=\"divider.default\">\n\t\t\t\t<div class=\"elementor-widget-container\">\n\t\t\t\t\t\t\t<div class=\"elementor-divider\">\n\t\t\t<span class=\"elementor-divider-separator\">\n\t\t\t\t\t\t\t<span class=\"elementor-divider__text elementor-divider__element\">\n\t\t\t\tHaftungsausschluss\t\t\t\t<\/span>\n\t\t\t\t\t\t<\/span>\n\t\t<\/div>\n\t\t\t\t\t\t<\/div>\n\t\t\t\t<\/div>\n\t\t\t\t<\/div>\n\t\t<div class=\"elementor-element elementor-element-d4f2623 e-flex e-con-boxed wpr-particle-no wpr-jarallax-no wpr-parallax-no wpr-sticky-section-no e-con e-parent\" data-id=\"d4f2623\" data-element_type=\"container\">\n\t\t\t\t\t<div class=\"e-con-inner\">\n\t\t\t\t<div class=\"elementor-element elementor-element-6888619 elementor-widget elementor-widget-text-editor\" data-id=\"6888619\" data-element_type=\"widget\" data-widget_type=\"text-editor.default\">\n\t\t\t\t<div class=\"elementor-widget-container\">\n\t\t\t\t\t\t\t\t\t<p>Auf dieser gesamten Webseite sind alle Informationen nach bestem Wissen und Gewissen zusammengetragen. Hierbei handelt es sich um pers\u00f6nliche Erfahrungen und Meinungen. Diese Webseite ist zu keinem Zeitpunkt als eine Empfehlung oder Nachahmung zu verstehen. Jegliche Art von Nachahmung geschied auf eigene Verantwortung.<\/p><p>Alle Inhalte und Texte sowie die Hinweise und Informationen stellen keine Kaufberatung, tier\u00e4rztliche sowie \u00e4rztliche Beratung oder Empfehlung dar.<\/p><p>Alle zur Verf\u00fcgung gestellten Informationen dienen allein der Bildung und der privaten Unterhaltung.<\/p><p>Es kann keine Haftung f\u00fcr die Richtigkeit im Einzelfall \u00fcbernommen werden. Die Leser und Besucher dieser Webseite handeln eigenst\u00e4ndig und eigenverantwortlich.<\/p><p><strong>Haftung f\u00fcr Inhalte<\/strong><\/p><p>Als Diensteanbieter sind wir gem\u00e4\u00df \u00a7 7 Abs.1 TMG f\u00fcr eigene Inhalte auf diesen Seiten nach den allgemeinen Gesetzen verantwortlich. Nach \u00a7\u00a7 8 bis 10 TMG sind wir als Diensteanbieter jedoch nicht verpflichtet, \u00fcbermittelte oder gespeicherte fremde Informationen zu \u00fcberwachen oder nach Umst\u00e4nden zu forschen, die auf eine rechtswidrige T\u00e4tigkeit hinweisen.<\/p><p>Verpflichtungen zur Entfernung oder Sperrung der Nutzung von Informationen nach den allgemeinen Gesetzen bleiben hiervon unber\u00fchrt. Eine diesbez\u00fcgliche Haftung ist jedoch erst ab dem Zeitpunkt der Kenntnis einer konkreten Rechtsverletzung m\u00f6glich. Bei Bekanntwerden von entsprechenden Rechtsverletzungen werden wir diese Inhalte umgehend entfernen.<\/p><p><strong>Haftung f\u00fcr Links<\/strong><\/p><p>Unser Angebot enth\u00e4lt Links zu externen Websites Dritter, auf deren Inhalte wir keinen Einfluss haben. Deshalb k\u00f6nnen wir f\u00fcr diese fremden Inhalte auch keine Gew\u00e4hr \u00fcbernehmen. F\u00fcr die Inhalte der verlinkten Seiten ist stets der jeweilige Anbieter oder Betreiber der Seiten verantwortlich. Die verlinkten Seiten wurden zum Zeitpunkt der Verlinkung auf m\u00f6gliche Rechtsverst\u00f6\u00dfe \u00fcberpr\u00fcft. Rechtswidrige Inhalte waren zum Zeitpunkt der Verlinkung nicht erkennbar.<\/p><p>Eine permanente inhaltliche Kontrolle der verlinkten Seiten ist jedoch ohne konkrete Anhaltspunkte einer Rechtsverletzung nicht zumutbar. Bei Bekanntwerden von Rechtsverletzungen werden wir derartige Links umgehend entfernen.<\/p><p><strong>Urheberrecht<\/strong><\/p><p>Die durch die Seitenbetreiber erstellten Inhalte und Werke auf diesen Seiten unterliegen dem deutschen Urheberrecht. Die Vervielf\u00e4ltigung, Bearbeitung, Verbreitung und jede Art der Verwertung au\u00dferhalb der Grenzen des Urheberrechtes bed\u00fcrfen der schriftlichen Zustimmung des jeweiligen Autors bzw. Erstellers. Downloads und Kopien dieser Seite sind nur f\u00fcr den privaten, nicht kommerziellen Gebrauch gestattet. Wir verwenden neben unseren eigenen Fotos auch kostenfrei nutzbare Stockfotos. Das Urheberrecht geh\u00f6rt den Eigent\u00fcmern (Fotografen) dieser Bilder.<\/p><p>Soweit die Inhalte auf dieser Seite nicht vom Betreiber erstellt wurden, werden die Urheberrechte Dritter beachtet. Insbesondere werden Inhalte Dritter als solche gekennzeichnet. Sollten Sie trotzdem auf eine Urheberrechtsverletzung aufmerksam werden, bitten wir um einen entsprechenden Hinweis. Bei Bekanntwerden von Rechtsverletzungen werden wir derartige Inhalte umgehend entfernen.<\/p>\t\t\t\t\t\t\t\t<\/div>\n\t\t\t\t<\/div>\n\t\t\t\t\t<\/div>\n\t\t\t\t<\/div>\n\t\t\t\t<\/div>\n\t\t","protected":false},"excerpt":{"rendered":"<p>Haftungsausschluss Auf dieser gesamten Webseite sind alle Informationen nach bestem Wissen und Gewissen zusammengetragen. Hierbei handelt es sich um pers\u00f6nliche Erfahrungen und Meinungen. Diese Webseite ist zu keinem Zeitpunkt als eine Empfehlung oder Nachahmung zu verstehen. Jegliche Art von Nachahmung geschied auf eigene Verantwortung. Alle Inhalte und Texte sowie die Hinweise und Informationen stellen keine Kaufberatung, tier\u00e4rztliche sowie \u00e4rztliche Beratung oder Empfehlung dar. Alle zur Verf\u00fcgung gestellten Informationen dienen allein der Bildung und der privaten Unterhaltung. Es kann keine Haftung f\u00fcr die Richtigkeit im Einzelfall \u00fcbernommen werden. Die Leser und Besucher dieser Webseite handeln eigenst\u00e4ndig und eigenverantwortlich. Haftung f\u00fcr Inhalte Als Diensteanbieter sind wir gem\u00e4\u00df \u00a7 7 Abs.1 TMG f\u00fcr eigene Inhalte auf diesen Seiten nach den allgemeinen Gesetzen verantwortlich. Nach \u00a7\u00a7 8 bis 10 TMG sind wir als Diensteanbieter jedoch nicht verpflichtet, \u00fcbermittelte oder gespeicherte fremde Informationen zu \u00fcberwachen oder nach Umst\u00e4nden zu forschen, die auf eine rechtswidrige T\u00e4tigkeit hinweisen. Verpflichtungen zur Entfernung oder Sperrung der Nutzung von Informationen nach den allgemeinen Gesetzen bleiben hiervon unber\u00fchrt. Eine diesbez\u00fcgliche Haftung ist jedoch erst ab dem Zeitpunkt der Kenntnis einer konkreten Rechtsverletzung m\u00f6glich. Bei Bekanntwerden von entsprechenden Rechtsverletzungen werden wir diese Inhalte umgehend entfernen. Haftung f\u00fcr Links Unser Angebot enth\u00e4lt Links zu externen Websites Dritter, auf deren Inhalte wir keinen Einfluss haben. Deshalb k\u00f6nnen wir f\u00fcr diese fremden Inhalte auch keine Gew\u00e4hr \u00fcbernehmen. F\u00fcr die Inhalte der verlinkten Seiten ist stets der jeweilige Anbieter oder Betreiber der Seiten verantwortlich. Die verlinkten Seiten wurden zum Zeitpunkt der Verlinkung auf m\u00f6gliche Rechtsverst\u00f6\u00dfe \u00fcberpr\u00fcft. Rechtswidrige Inhalte waren zum Zeitpunkt der Verlinkung nicht erkennbar. Eine permanente inhaltliche Kontrolle der verlinkten Seiten ist jedoch ohne konkrete Anhaltspunkte einer Rechtsverletzung nicht zumutbar. Bei Bekanntwerden von Rechtsverletzungen werden wir derartige Links umgehend entfernen. Urheberrecht Die durch die Seitenbetreiber erstellten Inhalte und Werke auf diesen Seiten unterliegen dem deutschen Urheberrecht. Die Vervielf\u00e4ltigung, Bearbeitung, Verbreitung und jede Art der Verwertung au\u00dferhalb der Grenzen des Urheberrechtes bed\u00fcrfen der schriftlichen Zustimmung des jeweiligen Autors bzw. Erstellers. Downloads und Kopien dieser Seite sind nur f\u00fcr den privaten, nicht kommerziellen Gebrauch gestattet. Wir verwenden neben unseren eigenen Fotos auch kostenfrei nutzbare Stockfotos. Das Urheberrecht geh\u00f6rt den Eigent\u00fcmern (Fotografen) dieser Bilder. Soweit die Inhalte auf dieser Seite nicht vom Betreiber erstellt wurden, werden die Urheberrechte Dritter beachtet. Insbesondere werden Inhalte Dritter als solche gekennzeichnet. Sollten Sie trotzdem auf eine Urheberrechtsverletzung aufmerksam werden, bitten wir um einen entsprechenden Hinweis. Bei Bekanntwerden von Rechtsverletzungen werden wir derartige Inhalte umgehend entfernen.<\/p>\n","protected":false},"author":1,"featured_media":0,"parent":0,"menu_order":0,"comment_status":"closed","ping_status":"closed","template":"elementor_header_footer","meta":{"footnotes":""},"class_list":["post-2253","page","type-page","status-publish","hentry","entry"],"_links":{"self":[{"href":"https:\/\/happys.store\/de\/wp-json\/wp\/v2\/pages\/2253"}],"collection":[{"href":"https:\/\/happys.store\/de\/wp-json\/wp\/v2\/pages"}],"about":[{"href":"https:\/\/happys.store\/de\/wp-json\/wp\/v2\/types\/page"}],"author":[{"embeddable":true,"href":"https:\/\/happys.store\/de\/wp-json\/wp\/v2\/users\/1"}],"replies":[{"embeddable":true,"href":"https:\/\/happys.store\/de\/wp-json\/wp\/v2\/comments?post=2253"}],"version-history":[{"count":12,"href":"https:\/\/happys.store\/de\/wp-json\/wp\/v2\/pages\/2253\/revisions"}],"predecessor-version":[{"id":8661,"href":"https:\/\/happys.store\/de\/wp-json\/wp\/v2\/pages\/2253\/revisions\/8661"}],"wp:attachment":[{"href":"https:\/\/happys.store\/de\/wp-json\/wp\/v2\/media?parent=2253"}],"curies":[{"name":"wp","href":"https:\/\/api.w.org\/{rel}","templated":true}]}}